{"id":62,"date":"2026-02-01T22:20:49","date_gmt":"2026-02-01T22:20:49","guid":{"rendered":"https:\/\/convivium.es\/?page_id=62"},"modified":"2026-02-09T21:25:22","modified_gmt":"2026-02-09T21:25:22","slug":"aviso-legal","status":"publish","type":"page","link":"https:\/\/convivium.es\/en\/aviso-legal\/","title":{"rendered":"AVISO LEGAL"},"content":{"rendered":"\n<h2 class=\"wp-block-heading\">Aviso Legal<\/h2>\n\n\n\n<p>En cumplimiento con lo dispuesto en la Ley 34\/2002, de Servicios de la Sociedad de la Informaci\u00f3n y del Comercio Electr\u00f3nico (LSSI-CE), se informa a los usuarios de los siguientes datos:<\/p>\n\n\n\n<p><strong>Titular del sitio web:<\/strong><br>Marco Benintendil<\/p>\n\n\n\n<p><strong>Nombre comercial:<\/strong> CONVIVIUM<\/p>\n\n\n\n<p><strong>Domicilio social:<\/strong><br>Ctra de burgos, 94. Aleson, 26315 La Rioja.<\/p>\n\n\n\n<p><strong>Correo electr\u00f3nico de contacto:<\/strong><br><a>info@convivium.es<\/a><\/p>\n\n\n\n<p><strong>Tel\u00e9fono:<\/strong><br>[Tel\u00e9fono]<\/p>\n\n\n\n<p><strong>NIF \/ CIF:<\/strong><br>Y8756606Z<\/p>\n\n\n\n<p><strong>Dominio:<\/strong><br><a href=\"https:\/\/convivium.es\">https:\/\/convivium.es<\/a><\/p>\n\n\n\n<hr class=\"wp-block-separator has-alpha-channel-opacity\"\/>\n\n\n\n<h2 class=\"wp-block-heading\">Condiciones de uso<\/h2>\n\n\n\n<p>El acceso y uso del sitio web atribuye la condici\u00f3n de usuario e implica la aceptaci\u00f3n plena y sin reservas de todas las disposiciones incluidas en este Aviso Legal.<\/p>\n\n\n\n<p>El usuario se compromete a hacer un uso adecuado del sitio web, conforme a la legislaci\u00f3n vigente, la buena fe, el orden p\u00fablico y el presente Aviso Legal.<\/p>\n\n\n\n<hr class=\"wp-block-separator has-alpha-channel-opacity\"\/>\n\n\n\n<h2 class=\"wp-block-heading\">Propiedad intelectual e industrial<\/h2>\n\n\n\n<p>Todos los contenidos del sitio web, incluyendo textos, im\u00e1genes, dise\u00f1os, logotipos, v\u00eddeos, c\u00f3digo fuente y dem\u00e1s elementos, son titularidad de CONVIVIUM o de terceros con los que se haya acordado su uso, y est\u00e1n protegidos por la normativa vigente en materia de propiedad intelectual e industrial.<\/p>\n\n\n\n<p>Queda prohibida la reproducci\u00f3n, distribuci\u00f3n, comunicaci\u00f3n p\u00fablica o transformaci\u00f3n de dichos contenidos sin la autorizaci\u00f3n expresa del titular.<\/p>\n\n\n\n<hr class=\"wp-block-separator has-alpha-channel-opacity\"\/>\n\n\n\n<h2 class=\"wp-block-heading\">Responsabilidad<\/h2>\n\n\n\n<p>CONVIVIUM no se responsabiliza del mal uso que se realice del contenido del sitio web, siendo exclusiva responsabilidad del usuario que accede o utiliza el mismo.<\/p>\n\n\n\n<p>Asimismo, no se garantiza la inexistencia de errores en el acceso al sitio web, en su contenido ni que este se encuentre actualizado, aunque se realizar\u00e1n los esfuerzos necesarios para evitarlos o corregirlos.<\/p>\n\n\n\n<hr class=\"wp-block-separator has-alpha-channel-opacity\"\/>\n\n\n\n<h2 class=\"wp-block-heading\">Enlaces externos<\/h2>\n\n\n\n<p>El sitio web puede contener enlaces a p\u00e1ginas externas. CONVIVIUM no se responsabiliza del contenido ni de las pol\u00edticas de privacidad de dichos sitios web.<\/p>\n\n\n\n<hr class=\"wp-block-separator has-alpha-channel-opacity\"\/>\n\n\n\n<h2 class=\"wp-block-heading\">Protecci\u00f3n de datos<\/h2>\n\n\n\n<p>El tratamiento de los datos personales del usuario se rige por lo establecido en la Pol\u00edtica de Privacidad del sitio web.<\/p>\n\n\n\n<hr class=\"wp-block-separator has-alpha-channel-opacity\"\/>\n\n\n\n<h2 class=\"wp-block-heading\">Legislaci\u00f3n aplicable y jurisdicci\u00f3n<\/h2>\n\n\n\n<p>La relaci\u00f3n entre CONVIVIUM y el usuario se regir\u00e1 por la normativa espa\u00f1ola vigente.<\/p>\n\n\n\n<p>Para la resoluci\u00f3n de cualquier controversia que pudiera derivarse del acceso o uso del sitio web, ambas partes se someten a los juzgados y tribunales de la provincia de La Rioja, salvo que la normativa aplicable disponga otra cosa.<\/p>\n","protected":false},"excerpt":{"rendered":"<p>Aviso Legal En cumplimiento con lo dispuesto en la Ley 34\/2002, de Servicios de la Sociedad de la Informaci\u00f3n y [&hellip;]<\/p>\n","protected":false},"author":1,"featured_media":0,"parent":0,"menu_order":0,"comment_status":"closed","ping_status":"closed","template":"","meta":{"_uag_custom_page_level_css":"","site-sidebar-layout":"default","site-content-layout":"","ast-site-content-layout":"default","site-content-style":"default","site-sidebar-style":"default","ast-global-header-display":"","ast-banner-title-visibility":"","ast-main-header-display":"","ast-hfb-above-header-display":"","ast-hfb-below-header-display":"","ast-hfb-mobile-header-display":"","site-post-title":"","ast-breadcrumbs-content":"","ast-featured-img":"","footer-sml-layout":"","ast-disable-related-posts":"","theme-transparent-header-meta":"","adv-header-id-meta":"","stick-header-meta":"","header-above-stick-meta":"","header-main-stick-meta":"","header-below-stick-meta":"","astra-migrate-meta-layouts":"default","ast-page-background-enabled":"default","ast-page-background-meta":{"desktop":{"background-color":"var(--ast-global-color-5)","background-image":"","background-repeat":"repeat","background-position":"center center","background-size":"auto","background-attachment":"scroll","background-type":"","background-media":"","overlay-type":"","overlay-color":"","overlay-opacity":"","overlay-gradient":""},"tablet":{"background-color":"","background-image":"","background-repeat":"repeat","background-position":"center center","background-size":"auto","background-attachment":"scroll","background-type":"","background-media":"","overlay-type":"","overlay-color":"","overlay-opacity":"","overlay-gradient":""},"mobile":{"background-color":"","background-image":"","background-repeat":"repeat","background-position":"center center","background-size":"auto","background-attachment":"scroll","background-type":"","background-media":"","overlay-type":"","overlay-color":"","overlay-opacity":"","overlay-gradient":""}},"ast-content-background-meta":{"desktop":{"background-color":"var(--ast-global-color-4)","background-image":"","background-repeat":"repeat","background-position":"center center","background-size":"auto","background-attachment":"scroll","background-type":"","background-media":"","overlay-type":"","overlay-color":"","overlay-opacity":"","overlay-gradient":""},"tablet":{"background-color":"var(--ast-global-color-4)","background-image":"","background-repeat":"repeat","background-position":"center center","background-size":"auto","background-attachment":"scroll","background-type":"","background-media":"","overlay-type":"","overlay-color":"","overlay-opacity":"","overlay-gradient":""},"mobile":{"background-color":"var(--ast-global-color-4)","background-image":"","background-repeat":"repeat","background-position":"center center","background-size":"auto","background-attachment":"scroll","background-type":"","background-media":"","overlay-type":"","overlay-color":"","overlay-opacity":"","overlay-gradient":""}},"footnotes":""},"class_list":["post-62","page","type-page","status-publish","hentry"],"uagb_featured_image_src":{"full":false,"thumbnail":false,"medium":false,"medium_large":false,"large":false,"1536x1536":false,"2048x2048":false,"trp-custom-language-flag":false},"uagb_author_info":{"display_name":"digitalmind.spain@gmail.com","author_link":"https:\/\/convivium.es\/en\/author\/digitalmind-spaingmail-com\/"},"uagb_comment_info":0,"uagb_excerpt":"Aviso Legal En cumplimiento con lo dispuesto en la Ley 34\/2002, de Servicios de la Sociedad de la Informaci\u00f3n y [&hellip;]","_links":{"self":[{"href":"https:\/\/convivium.es\/en\/wp-json\/wp\/v2\/pages\/62","targetHints":{"allow":["GET"]}}],"collection":[{"href":"https:\/\/convivium.es\/en\/wp-json\/wp\/v2\/pages"}],"about":[{"href":"https:\/\/convivium.es\/en\/wp-json\/wp\/v2\/types\/page"}],"author":[{"embeddable":true,"href":"https:\/\/convivium.es\/en\/wp-json\/wp\/v2\/users\/1"}],"replies":[{"embeddable":true,"href":"https:\/\/convivium.es\/en\/wp-json\/wp\/v2\/comments?post=62"}],"version-history":[{"count":2,"href":"https:\/\/convivium.es\/en\/wp-json\/wp\/v2\/pages\/62\/revisions"}],"predecessor-version":[{"id":91,"href":"https:\/\/convivium.es\/en\/wp-json\/wp\/v2\/pages\/62\/revisions\/91"}],"wp:attachment":[{"href":"https:\/\/convivium.es\/en\/wp-json\/wp\/v2\/media?parent=62"}],"curies":[{"name":"wp","href":"https:\/\/api.w.org\/{rel}","templated":true}]}}