{"id":22,"date":"2026-01-31T08:08:12","date_gmt":"2026-01-31T08:08:12","guid":{"rendered":"https:\/\/convivium.es\/?page_id=22"},"modified":"2026-02-10T17:40:22","modified_gmt":"2026-02-10T17:40:22","slug":"inicio","status":"publish","type":"page","link":"https:\/\/convivium.es\/en\/","title":{"rendered":"CONVIVIUM"},"content":{"rendered":"<div class=\"wp-block-uagb-container uagb-block-1c2ef569 alignfull uagb-is-root-container\">\n<h1 class=\"wp-block-heading has-text-align-center\" style=\"border-style:none;border-width:0px\"><strong>Para convertir una celebraci\u00f3n en un gran recuerdo solo tienes que invitar a las personas adecuadas.<\/strong><\/h1>\n\n\n\n<p class=\"has-large-font-size\">Nosotros dise\u00f1amos el espacio para que la celebraci\u00f3n sea memorable.<\/p>\n<\/div>\n\n\n\n<div class=\"wp-block-uagb-call-to-action uagb-block-552a115a wp-block-button\"><div class=\"uagb-cta__wrap\"><h3 class=\"uagb-cta__title\">\u00danete a la lista de apertura<\/h3><p class=\"uagb-cta__desc\">\u00danete ahora y forma parte de nuestra apertura: invitaci\u00f3n a la inauguraci\u00f3n, noticias en primicia y prioridad en la reserva de fechas para celebrar en CONVIVIUM.<\/p><\/div><div class=\"uagb-cta__buttons\"><a href=\"https:\/\/convivium.es\/en\/contacto\/\" class=\"uagb-cta__button-link-wrapper wp-block-button__link\" target=\"_self\" rel=\"noopener noreferrer\">Me apunto<svg xmlns=\"https:\/\/www.w3.org\/2000\/svg\" viewbox=\"0 0 512 512\"><path d=\"M504.3 273.6l-112.1 104c-6.992 6.484-17.18 8.218-25.94 4.406c-8.758-3.812-14.42-12.45-14.42-21.1L351.9 288H32C14.33 288 .0002 273.7 .0002 255.1S14.33 224 32 224h319.9l0-72c0-9.547 5.66-18.19 14.42-22c8.754-3.809 18.95-2.075 25.94 4.41l112.1 104C514.6 247.9 514.6 264.1 504.3 273.6z\"><\/path><\/svg><\/a><\/div><\/div>","protected":false},"excerpt":{"rendered":"<p>Para convertir una celebraci\u00f3n en un gran recuerdo solo tienes que invitar a las personas adecuadas. Nosotros dise\u00f1amos el espacio [&hellip;]<\/p>\n","protected":false},"author":1,"featured_media":0,"parent":0,"menu_order":0,"comment_status":"closed","ping_status":"closed","template":"","meta":{"_uag_custom_page_level_css":"","site-sidebar-layout":"default","site-content-layout":"","ast-site-content-layout":"default","site-content-style":"default","site-sidebar-style":"default","ast-global-header-display":"","ast-banner-title-visibility":"","ast-main-header-display":"","ast-hfb-above-header-display":"","ast-hfb-below-header-display":"","ast-hfb-mobile-header-display":"","site-post-title":"disabled","ast-breadcrumbs-content":"","ast-featured-img":"","footer-sml-layout":"","ast-disable-related-posts":"","theme-transparent-header-meta":"","adv-header-id-meta":"","stick-header-meta":"","header-above-stick-meta":"","header-main-stick-meta":"","header-below-stick-meta":"","astra-migrate-meta-layouts":"default","ast-page-background-enabled":"default","ast-page-background-meta":{"desktop":{"background-color":"var(--ast-global-color-5)","background-image":"","background-repeat":"repeat","background-position":"center center","background-size":"auto","background-attachment":"scroll","background-type":"","background-media":"","overlay-type":"","overlay-color":"","overlay-opacity":"","overlay-gradient":""},"tablet":{"background-color":"","background-image":"","background-repeat":"repeat","background-position":"center center","background-size":"auto","background-attachment":"scroll","background-type":"","background-media":"","overlay-type":"","overlay-color":"","overlay-opacity":"","overlay-gradient":""},"mobile":{"background-color":"","background-image":"","background-repeat":"repeat","background-position":"center center","background-size":"auto","background-attachment":"scroll","background-type":"","background-media":"","overlay-type":"","overlay-color":"","overlay-opacity":"","overlay-gradient":""}},"ast-content-background-meta":{"desktop":{"background-color":"var(--ast-global-color-4)","background-image":"","background-repeat":"repeat","background-position":"center center","background-size":"auto","background-attachment":"scroll","background-type":"","background-media":"","overlay-type":"","overlay-color":"","overlay-opacity":"","overlay-gradient":""},"tablet":{"background-color":"var(--ast-global-color-4)","background-image":"","background-repeat":"repeat","background-position":"center center","background-size":"auto","background-attachment":"scroll","background-type":"","background-media":"","overlay-type":"","overlay-color":"","overlay-opacity":"","overlay-gradient":""},"mobile":{"background-color":"var(--ast-global-color-4)","background-image":"","background-repeat":"repeat","background-position":"center center","background-size":"auto","background-attachment":"scroll","background-type":"","background-media":"","overlay-type":"","overlay-color":"","overlay-opacity":"","overlay-gradient":""}},"footnotes":""},"class_list":["post-22","page","type-page","status-publish","hentry"],"uagb_featured_image_src":{"full":false,"thumbnail":false,"medium":false,"medium_large":false,"large":false,"1536x1536":false,"2048x2048":false,"trp-custom-language-flag":false},"uagb_author_info":{"display_name":"digitalmind.spain@gmail.com","author_link":"https:\/\/convivium.es\/en\/author\/digitalmind-spaingmail-com\/"},"uagb_comment_info":0,"uagb_excerpt":"Para convertir una celebraci\u00f3n en un gran recuerdo solo tienes que invitar a las personas adecuadas. Nosotros dise\u00f1amos el espacio [&hellip;]","_links":{"self":[{"href":"https:\/\/convivium.es\/en\/wp-json\/wp\/v2\/pages\/22","targetHints":{"allow":["GET"]}}],"collection":[{"href":"https:\/\/convivium.es\/en\/wp-json\/wp\/v2\/pages"}],"about":[{"href":"https:\/\/convivium.es\/en\/wp-json\/wp\/v2\/types\/page"}],"author":[{"embeddable":true,"href":"https:\/\/convivium.es\/en\/wp-json\/wp\/v2\/users\/1"}],"replies":[{"embeddable":true,"href":"https:\/\/convivium.es\/en\/wp-json\/wp\/v2\/comments?post=22"}],"version-history":[{"count":18,"href":"https:\/\/convivium.es\/en\/wp-json\/wp\/v2\/pages\/22\/revisions"}],"predecessor-version":[{"id":168,"href":"https:\/\/convivium.es\/en\/wp-json\/wp\/v2\/pages\/22\/revisions\/168"}],"wp:attachment":[{"href":"https:\/\/convivium.es\/en\/wp-json\/wp\/v2\/media?parent=22"}],"curies":[{"name":"wp","href":"https:\/\/api.w.org\/{rel}","templated":true}]}}