{"id":157,"date":"2026-02-10T18:19:42","date_gmt":"2026-02-10T18:19:42","guid":{"rendered":"https:\/\/convivium.es\/?page_id=157"},"modified":"2026-02-10T18:34:19","modified_gmt":"2026-02-10T18:34:19","slug":"experencias","status":"publish","type":"page","link":"https:\/\/convivium.es\/en\/experencias\/","title":{"rendered":"EXPERENCIAS"},"content":{"rendered":"<div class=\"wp-block-uagb-container uagb-block-14111056 alignfull uagb-is-root-container\"><div class=\"uagb-container-inner-blocks-wrap\">\n<div class=\"wp-block-uagb-container uagb-block-398e665c\">\n<p class=\"has-medium-font-size\"><strong>Un espacio exterior de m\u00e1s de 120 m\u00b2 con bbq en obra, mesas y una gran p\u00e9rgola para disfrutar c\u00f3modamente tanto en d\u00edas soleados como lluviosos.<\/strong><\/p>\n<\/div>\n\n\n\n<div class=\"wp-block-uagb-container uagb-block-03a84dfd alignfull uagb-is-root-container\"><div class=\"uagb-container-inner-blocks-wrap\">\n<p class=\"has-medium-font-size\"><strong>El interior de CONVIVIUM est\u00e1 dise\u00f1ado para que todos disfruten: amplias zonas para compartir, mesas para comer, cocina abierta con isla central, espacios de sof\u00e1s para conversar y dos \u00e1reas de juego independientes.<\/strong><\/p>\n<\/div><\/div>\n\n\n\n<div class=\"wp-block-uagb-container uagb-block-31c71f39\">\n<p class=\"has-medium-font-size\"><strong>Una zona est\u00e1 pensada para los m\u00e1s peque\u00f1os, con castillo, juegos creativos y un muro de escalada adaptado para divertirse con seguridad.<\/strong><\/p>\n<\/div>\n\n\n\n<div class=\"wp-block-uagb-container uagb-block-dd2902c5\">\n<p class=\"has-medium-font-size\"><strong>los adultos cuentan con un espacio propio para divertirse, con billar y m\u00e1quinas arcade que completan la experiencia.<\/strong><\/p>\n<\/div>\n\n\n\n<p class=\"has-medium-font-size\"><strong>Experiencias que se viven en CONVIVIUM:<\/strong><\/p>\n\n\n\n<ul class=\"wp-block-list\">\n<li class=\"has-medium-font-size\">Degustaciones de vino y cocina<\/li>\n\n\n\n<li class=\"has-medium-font-size\">Talleres gastron\u00f3micos internacionales<\/li>\n\n\n\n<li class=\"has-medium-font-size\">Encuentros culturales y presentaciones<\/li>\n\n\n\n<li class=\"has-medium-font-size\">Eventos sociales y afterworks<\/li>\n\n\n\n<li class=\"has-medium-font-size\">Actividades creativas<\/li>\n\n\n\n<li class=\"has-medium-font-size\">Celebraciones a medida<\/li>\n<\/ul>\n<\/div><\/div>\n\n\n\n<div class=\"wp-block-uagb-call-to-action uagb-block-552a115a wp-block-button\"><div class=\"uagb-cta__wrap\"><h3 class=\"uagb-cta__title\">\u00danete a la lista de apertura<\/h3><p class=\"uagb-cta__desc\">\u00danete ahora y forma parte de nuestra apertura: invitaci\u00f3n a la inauguraci\u00f3n, noticias en primicia y prioridad en la reserva de fechas para celebrar en CONVIVIUM.<\/p><\/div><div class=\"uagb-cta__buttons\"><a href=\"https:\/\/convivium.es\/en\/contacto\/\" class=\"uagb-cta__button-link-wrapper wp-block-button__link\" target=\"_self\" rel=\"noopener noreferrer\">Me apunto<svg xmlns=\"https:\/\/www.w3.org\/2000\/svg\" viewbox=\"0 0 512 512\"><path d=\"M504.3 273.6l-112.1 104c-6.992 6.484-17.18 8.218-25.94 4.406c-8.758-3.812-14.42-12.45-14.42-21.1L351.9 288H32C14.33 288 .0002 273.7 .0002 255.1S14.33 224 32 224h319.9l0-72c0-9.547 5.66-18.19 14.42-22c8.754-3.809 18.95-2.075 25.94 4.41l112.1 104C514.6 247.9 514.6 264.1 504.3 273.6z\"><\/path><\/svg><\/a><\/div><\/div>","protected":false},"excerpt":{"rendered":"<p>Un espacio exterior de m\u00e1s de 120 m\u00b2 con bbq en obra, mesas y una gran p\u00e9rgola para disfrutar c\u00f3modamente [&hellip;]<\/p>\n","protected":false},"author":1,"featured_media":0,"parent":0,"menu_order":0,"comment_status":"closed","ping_status":"closed","template":"","meta":{"_uag_custom_page_level_css":"","site-sidebar-layout":"default","site-content-layout":"","ast-site-content-layout":"default","site-content-style":"default","site-sidebar-style":"default","ast-global-header-display":"","ast-banner-title-visibility":"","ast-main-header-display":"","ast-hfb-above-header-display":"","ast-hfb-below-header-display":"","ast-hfb-mobile-header-display":"","site-post-title":"disabled","ast-breadcrumbs-content":"","ast-featured-img":"","footer-sml-layout":"","ast-disable-related-posts":"","theme-transparent-header-meta":"","adv-header-id-meta":"","stick-header-meta":"","header-above-stick-meta":"","header-main-stick-meta":"","header-below-stick-meta":"","astra-migrate-meta-layouts":"default","ast-page-background-enabled":"default","ast-page-background-meta":{"desktop":{"background-color":"var(--ast-global-color-5)","background-image":"","background-repeat":"repeat","background-position":"center center","background-size":"auto","background-attachment":"scroll","background-type":"","background-media":"","overlay-type":"","overlay-color":"","overlay-opacity":"","overlay-gradient":""},"tablet":{"background-color":"","background-image":"","background-repeat":"repeat","background-position":"center center","background-size":"auto","background-attachment":"scroll","background-type":"","background-media":"","overlay-type":"","overlay-color":"","overlay-opacity":"","overlay-gradient":""},"mobile":{"background-color":"","background-image":"","background-repeat":"repeat","background-position":"center center","background-size":"auto","background-attachment":"scroll","background-type":"","background-media":"","overlay-type":"","overlay-color":"","overlay-opacity":"","overlay-gradient":""}},"ast-content-background-meta":{"desktop":{"background-color":"var(--ast-global-color-4)","background-image":"","background-repeat":"repeat","background-position":"center center","background-size":"auto","background-attachment":"scroll","background-type":"","background-media":"","overlay-type":"","overlay-color":"","overlay-opacity":"","overlay-gradient":""},"tablet":{"background-color":"var(--ast-global-color-4)","background-image":"","background-repeat":"repeat","background-position":"center center","background-size":"auto","background-attachment":"scroll","background-type":"","background-media":"","overlay-type":"","overlay-color":"","overlay-opacity":"","overlay-gradient":""},"mobile":{"background-color":"var(--ast-global-color-4)","background-image":"","background-repeat":"repeat","background-position":"center center","background-size":"auto","background-attachment":"scroll","background-type":"","background-media":"","overlay-type":"","overlay-color":"","overlay-opacity":"","overlay-gradient":""}},"footnotes":""},"class_list":["post-157","page","type-page","status-publish","hentry"],"uagb_featured_image_src":{"full":false,"thumbnail":false,"medium":false,"medium_large":false,"large":false,"1536x1536":false,"2048x2048":false,"trp-custom-language-flag":false},"uagb_author_info":{"display_name":"digitalmind.spain@gmail.com","author_link":"https:\/\/convivium.es\/en\/author\/digitalmind-spaingmail-com\/"},"uagb_comment_info":0,"uagb_excerpt":"Un espacio exterior de m\u00e1s de 120 m\u00b2 con bbq en obra, mesas y una gran p\u00e9rgola para disfrutar c\u00f3modamente [&hellip;]","_links":{"self":[{"href":"https:\/\/convivium.es\/en\/wp-json\/wp\/v2\/pages\/157","targetHints":{"allow":["GET"]}}],"collection":[{"href":"https:\/\/convivium.es\/en\/wp-json\/wp\/v2\/pages"}],"about":[{"href":"https:\/\/convivium.es\/en\/wp-json\/wp\/v2\/types\/page"}],"author":[{"embeddable":true,"href":"https:\/\/convivium.es\/en\/wp-json\/wp\/v2\/users\/1"}],"replies":[{"embeddable":true,"href":"https:\/\/convivium.es\/en\/wp-json\/wp\/v2\/comments?post=157"}],"version-history":[{"count":4,"href":"https:\/\/convivium.es\/en\/wp-json\/wp\/v2\/pages\/157\/revisions"}],"predecessor-version":[{"id":166,"href":"https:\/\/convivium.es\/en\/wp-json\/wp\/v2\/pages\/157\/revisions\/166"}],"wp:attachment":[{"href":"https:\/\/convivium.es\/en\/wp-json\/wp\/v2\/media?parent=157"}],"curies":[{"name":"wp","href":"https:\/\/api.w.org\/{rel}","templated":true}]}}